{"id":2253,"date":"2025-04-17T17:15:03","date_gmt":"2025-04-17T17:15:03","guid":{"rendered":"https:\/\/poczujto.com\/ksiazka\/?page_id=2253"},"modified":"2025-04-17T17:23:34","modified_gmt":"2025-04-17T17:23:34","slug":"swiadectwo-twego-pisania-sercem","status":"publish","type":"page","link":"https:\/\/poczujto.com\/ksiazka\/swiadectwo-twego-pisania-sercem\/","title":{"rendered":"\u015awiadectwo Twego Pisania Sercem!"},"content":{"rendered":"\n<p>Dzi\u0119kuj\u0119 Ci z ca\u0142ego serca za si\u0119gni\u0119cie po ksi\u0105\u017ck\u0119 &#8220;Opowie\u015bci sercem pisane&#8221;. Mam nadziej\u0119, \u017ce s\u0142owa zawarte w tej ksi\u0105\u017cce dotkn\u0119\u0142y Twojego serca, wzbudzi\u0142y refleksj\u0119 i, co najwa\u017cniejsze, zainspirowa\u0142y do dzia\u0142ania. Je\u015bli po przeczytaniu ksi\u0105\u017cki poczu\u0142e\u015b, \u017ce chcesz zrobi\u0107 co\u015b dobrego dla drugiego cz\u0142owieka, zapraszam Ci\u0119 do podzielenia si\u0119 swoim \u015bwiadectwem!<\/p>\n\n\n\n<p>To nie koniec tej historii \u2013 to dopiero pocz\u0105tek. Twoje \u015bwiadectwo mo\u017ce sta\u0107 si\u0119 cz\u0119\u015bci\u0105 czego\u015b wi\u0119kszego, wywo\u0142a\u0107 fal\u0119 zmian, kt\u00f3re b\u0119d\u0105 inspirowa\u0107 innych do dzia\u0142ania. Z nades\u0142anych \u015bwiadectw wybior\u0119 osoby, kt\u00f3re stan\u0105 si\u0119 wsp\u00f3\u0142autorami kolejnej cz\u0119\u015bci ksi\u0105\u017cki &#8220;Opowie\u015bci sercem pisane&#8221;. Ta nowa ods\u0142ona b\u0119dzie opisywa\u0107 fale zmian, na kt\u00f3re zdecyduj\u0105 si\u0119 moi czytelnicy.<\/p>\n\n\n\n<p>Podziel si\u0119 swoj\u0105 histori\u0105, niech Twoje s\u0142owa stan\u0105 si\u0119 inspiracj\u0105 dla kolejnych os\u00f3b, kt\u00f3rzy, tak jak Ty, pragn\u0105 wprowadza\u0107 pozytywne zmiany w \u015bwiecie. Tw\u00f3j gest mo\u017ce sta\u0107 si\u0119 cz\u0119\u015bci\u0105 opowie\u015bci o tym, jak jedno dzia\u0142anie, jedno dobre serce, mo\u017ce naprawd\u0119 zmieni\u0107 co\u015b w \u017cyciu drugiego cz\u0142owieka.<\/p>\n\n\n\n<p>Twoje \u015bwiadectwo to co\u015b wi\u0119cej ni\u017c tylko dow\u00f3d na to, \u017ce ksi\u0105\u017cka dotkn\u0119\u0142a Twojego serca. To zaproszenie, by sta\u0107 si\u0119 cz\u0119\u015bci\u0105 czego\u015b wi\u0119kszego \u2013 nowego rozdzia\u0142u tej niezwyk\u0142ej opowie\u015bci. Dzi\u0119kuj\u0119, \u017ce swoj\u0105 odwag\u0105, dobrem i wra\u017cliwo\u015bci\u0105 wnosisz do \u015bwiata co\u015b tak cennego. Dzi\u0119ki Tobie ta historia nabiera prawdziwego sensu.<\/p>\n\n\n\n<p>Z pozdrowieniami<\/p>\n\n\n\n<p><em>Agnieszka Jezierska<\/em><\/p>\n\n\n<div class=\"wpforms-container wpforms-block wpforms-block-2b621cb7-059e-4d57-b3a2-0e791d2ff99c\" id=\"wpforms-2255\"><form id=\"wpforms-form-2255\" class=\"wpforms-validate wpforms-form wpforms-ajax-form\" data-formid=\"2255\" method=\"post\" enctype=\"multipart\/form-data\" action=\"\/ksiazka\/wp-json\/wp\/v2\/pages\/2253\" data-token=\"3e30b9300ca64d228a4a88aefc7e0902\" data-token-time=\"1776297042\"><noscript class=\"wpforms-error-noscript\">Please enable JavaScript in your browser to complete this form.<\/noscript><div class=\"wpforms-field-container\"><div id=\"wpforms-2255-field_1-container\" class=\"wpforms-field wpforms-field-name\" data-field-id=\"1\"><label class=\"wpforms-field-label\" for=\"wpforms-2255-field_1\">Twoje imi\u0119 i nazwisko <span class=\"wpforms-required-label\">*<\/span><\/label><input type=\"text\" id=\"wpforms-2255-field_1\" class=\"wpforms-field-medium wpforms-field-required\" name=\"wpforms[fields][1]\" required><div class=\"wpforms-field-description\">Lub pseudonim, je\u015bli wolisz zachowa\u0107 anonimowo\u015b\u0107<\/div><\/div><div id=\"wpforms-2255-field_2-container\" class=\"wpforms-field wpforms-field-email\" data-field-id=\"2\"><label class=\"wpforms-field-label\" for=\"wpforms-2255-field_2\">Tw\u00f3j e-mail <\/label><input type=\"email\" id=\"wpforms-2255-field_2\" class=\"wpforms-field-medium\" name=\"wpforms[fields][2]\" spellcheck=\"false\" ><div class=\"wpforms-field-description\">w przypadku, gdy chcesz by\u0107 informowany o dalszych inicjatywach zwi\u0105zanych z ksi\u0105\u017ck\u0105<\/div><\/div><div id=\"wpforms-2255-field_3-container\" class=\"wpforms-field wpforms-field-textarea\" data-field-id=\"3\"><label class=\"wpforms-field-label\" for=\"wpforms-2255-field_3\">Twoja historia<\/label><textarea id=\"wpforms-2255-field_3\" class=\"wpforms-field-medium\" name=\"wpforms[fields][3]\" ><\/textarea><div class=\"wpforms-field-description\">Kr\u00f3tka historia o tym, co zainspirowa\u0142o Ci\u0119 do podj\u0119cia dzia\u0142ania po przeczytaniu ksi\u0105\u017cki (np. jak postanowi\u0142e\u015b pom\u00f3c drugiemu cz\u0142owiekowi, jakie ma\u0142e dobro uda\u0142o Ci si\u0119 zrobi\u0107):<\/div><\/div><div id=\"wpforms-2255-field_5-container\" class=\"wpforms-field wpforms-field-checkbox\" data-field-id=\"5\"><label class=\"wpforms-field-label\">  Czy chcia\u0142by\u015b, aby Twoje \u015bwiadectwo znalaz\u0142o si\u0119 w kolejnej ksi\u0105\u017cce lub na stronie internetowej?<\/label><ul id=\"wpforms-2255-field_5\"><li class=\"choice-1 depth-1\"><input type=\"checkbox\" id=\"wpforms-2255-field_5_1\" name=\"wpforms[fields][5][]\" value=\"Tak\"  ><label class=\"wpforms-field-label-inline\" for=\"wpforms-2255-field_5_1\">Tak<\/label><\/li><li class=\"choice-2 depth-1\"><input type=\"checkbox\" id=\"wpforms-2255-field_5_2\" name=\"wpforms[fields][5][]\" value=\"Nie\"  ><label class=\"wpforms-field-label-inline\" for=\"wpforms-2255-field_5_2\">Nie<\/label><\/li><li class=\"choice-4 depth-1\"><input type=\"checkbox\" id=\"wpforms-2255-field_5_4\" name=\"wpforms[fields][5][]\" value=\"Chcia\u0142bym, \u017ceby by\u0142o anonimowe\"  ><label class=\"wpforms-field-label-inline\" for=\"wpforms-2255-field_5_4\">Chcia\u0142bym, \u017ceby by\u0142o anonimowe<\/label><\/li><\/ul><div class=\"wpforms-field-description\">    Je\u015bli wybra\u0142e\u015b odpowied\u017a \u201eTak\u201d, dodaj swoje media spo\u0142eczno\u015bciowe, bym mog\u0142a Ci\u0119 oznaczy\u0107.<\/div><\/div><div id=\"wpforms-2255-field_4-container\" class=\"wpforms-field wpforms-field-textarea\" data-field-id=\"4\"><label class=\"wpforms-field-label\" for=\"wpforms-2255-field_4\">Media Spo\u0142eczno\u015bciowe<\/label><textarea id=\"wpforms-2255-field_4\" class=\"wpforms-field-medium\" name=\"wpforms[fields][4]\" ><\/textarea><\/div><\/div><!-- .wpforms-field-container --><div class=\"wpforms-submit-container\" ><input type=\"hidden\" name=\"wpforms[id]\" value=\"2255\"><input type=\"hidden\" name=\"page_title\" value=\"\"><input type=\"hidden\" name=\"page_url\" value=\"https:\/\/poczujto.com\/ksiazka\/wp-json\/wp\/v2\/pages\/2253\"><input type=\"hidden\" name=\"url_referer\" value=\"\"><button type=\"submit\" name=\"wpforms[submit]\" id=\"wpforms-submit-2255\" class=\"wpforms-submit\" data-alt-text=\"Wysy\u0142a...\" data-submit-text=\"Wy\u015blij\" aria-live=\"assertive\" value=\"wpforms-submit\">Wy\u015blij<\/button><img loading=\"lazy\" decoding=\"async\" src=\"https:\/\/poczujto.com\/ksiazka\/wp-content\/plugins\/wpforms-lite\/assets\/images\/submit-spin.svg\" class=\"wpforms-submit-spinner\" style=\"display: none;\" width=\"26\" height=\"26\" alt=\"Loading\"><\/div><\/form><\/div>  <!-- .wpforms-container -->","protected":false},"excerpt":{"rendered":"<p>Dzi\u0119kuj\u0119 Ci z ca\u0142ego serca za si\u0119gni\u0119cie po ksi\u0105\u017ck\u0119 &#8220;Opowie\u015bci sercem pisane&#8221;. Mam nadziej\u0119, \u017ce s\u0142owa zawarte w tej ksi\u0105\u017cce dotkn\u0119\u0142y Twojego serca, wzbudzi\u0142y refleksj\u0119 i, co najwa\u017cniejsze, zainspirowa\u0142y do dzia\u0142ania. Je\u015bli po przeczytaniu ksi\u0105\u017cki poczu\u0142e\u015b, \u017ce chcesz zrobi\u0107 co\u015b dobrego dla drugiego cz\u0142owieka, zapraszam Ci\u0119 do podzielenia si\u0119 swoim \u015bwiadectwem! To nie koniec tej [&hellip;]<\/p>\n","protected":false},"author":1,"featured_media":0,"parent":0,"menu_order":0,"comment_status":"closed","ping_status":"closed","template":"","meta":{"_uag_custom_page_level_css":"","site-sidebar-layout":"default","site-content-layout":"","ast-site-content-layout":"default","site-content-style":"default","site-sidebar-style":"default","ast-global-header-display":"","ast-banner-title-visibility":"","ast-main-header-display":"","ast-hfb-above-header-display":"","ast-hfb-below-header-display":"","ast-hfb-mobile-header-display":"","site-post-title":"","ast-breadcrumbs-content":"","ast-featured-img":"","footer-sml-layout":"","theme-transparent-header-meta":"","adv-header-id-meta":"","stick-header-meta":"","header-above-stick-meta":"","header-main-stick-meta":"","header-below-stick-meta":"","astra-migrate-meta-layouts":"set","ast-page-background-enabled":"default","ast-page-background-meta":{"desktop":{"background-color":"","background-image":"","background-repeat":"repeat","background-position":"center center","background-size":"auto","background-attachment":"scroll","background-type":"","background-media":"","overlay-type":"","overlay-color":"","overlay-opacity":"","overlay-gradient":""},"tablet":{"background-color":"","background-image":"","background-repeat":"repeat","background-position":"center center","background-size":"auto","background-attachment":"scroll","background-type":"","background-media":"","overlay-type":"","overlay-color":"","overlay-opacity":"","overlay-gradient":""},"mobile":{"background-color":"","background-image":"","background-repeat":"repeat","background-position":"center center","background-size":"auto","background-attachment":"scroll","background-type":"","background-media":"","overlay-type":"","overlay-color":"","overlay-opacity":"","overlay-gradient":""}},"ast-content-background-meta":{"desktop":{"background-color":"var(--ast-global-color-5)","background-image":"","background-repeat":"repeat","background-position":"center center","background-size":"auto","background-attachment":"scroll","background-type":"","background-media":"","overlay-type":"","overlay-color":"","overlay-opacity":"","overlay-gradient":""},"tablet":{"background-color":"var(--ast-global-color-5)","background-image":"","background-repeat":"repeat","background-position":"center center","background-size":"auto","background-attachment":"scroll","background-type":"","background-media":"","overlay-type":"","overlay-color":"","overlay-opacity":"","overlay-gradient":""},"mobile":{"background-color":"var(--ast-global-color-5)","background-image":"","background-repeat":"repeat","background-position":"center center","background-size":"auto","background-attachment":"scroll","background-type":"","background-media":"","overlay-type":"","overlay-color":"","overlay-opacity":"","overlay-gradient":""}},"footnotes":""},"class_list":["post-2253","page","type-page","status-publish","hentry"],"uagb_featured_image_src":{"full":false,"thumbnail":false,"medium":false,"medium_large":false,"large":false,"1536x1536":false,"2048x2048":false},"uagb_author_info":{"display_name":"adminPoczuj","author_link":"https:\/\/poczujto.com\/ksiazka\/author\/adminpoczuj\/"},"uagb_comment_info":0,"uagb_excerpt":"Dzi\u0119kuj\u0119 Ci z ca\u0142ego serca za si\u0119gni\u0119cie po ksi\u0105\u017ck\u0119 &#8220;Opowie\u015bci sercem pisane&#8221;. Mam nadziej\u0119, \u017ce s\u0142owa zawarte w tej ksi\u0105\u017cce dotkn\u0119\u0142y Twojego serca, wzbudzi\u0142y refleksj\u0119 i, co najwa\u017cniejsze, zainspirowa\u0142y do dzia\u0142ania. Je\u015bli po przeczytaniu ksi\u0105\u017cki poczu\u0142e\u015b, \u017ce chcesz zrobi\u0107 co\u015b dobrego dla drugiego cz\u0142owieka, zapraszam Ci\u0119 do podzielenia si\u0119 swoim \u015bwiadectwem! To nie koniec tej&hellip;","_links":{"self":[{"href":"https:\/\/poczujto.com\/ksiazka\/wp-json\/wp\/v2\/pages\/2253","targetHints":{"allow":["GET"]}}],"collection":[{"href":"https:\/\/poczujto.com\/ksiazka\/wp-json\/wp\/v2\/pages"}],"about":[{"href":"https:\/\/poczujto.com\/ksiazka\/wp-json\/wp\/v2\/types\/page"}],"author":[{"embeddable":true,"href":"https:\/\/poczujto.com\/ksiazka\/wp-json\/wp\/v2\/users\/1"}],"replies":[{"embeddable":true,"href":"https:\/\/poczujto.com\/ksiazka\/wp-json\/wp\/v2\/comments?post=2253"}],"version-history":[{"count":3,"href":"https:\/\/poczujto.com\/ksiazka\/wp-json\/wp\/v2\/pages\/2253\/revisions"}],"predecessor-version":[{"id":2259,"href":"https:\/\/poczujto.com\/ksiazka\/wp-json\/wp\/v2\/pages\/2253\/revisions\/2259"}],"wp:attachment":[{"href":"https:\/\/poczujto.com\/ksiazka\/wp-json\/wp\/v2\/media?parent=2253"}],"curies":[{"name":"wp","href":"https:\/\/api.w.org\/{rel}","templated":true}]}}