{"id":2230,"date":"2025-04-17T16:47:46","date_gmt":"2025-04-17T16:47:46","guid":{"rendered":"https:\/\/poczujto.com\/ksiazka\/?page_id=2230"},"modified":"2025-04-17T17:08:31","modified_gmt":"2025-04-17T17:08:31","slug":"opinia-o-ksiazce","status":"publish","type":"page","link":"https:\/\/poczujto.com\/ksiazka\/","title":{"rendered":"Opinia o ksi\u0105\u017cce"},"content":{"rendered":"\n<p>Ta ksi\u0105\u017cka to najczulsza i najszczersza cz\u0105stka mnie \u2013 moje my\u015bli, marzenia i historia duszy. Powsta\u0142a, by zostawi\u0107 co\u015b wi\u0119cej ni\u017c \u015blady na ziemi \u2013 co\u015b, co przetrwa, co\u015b, co b\u0119dzie \u017cy\u0107 w tych, kt\u00f3rzy si\u0119gn\u0105 po moje s\u0142owa. Dla tych, kt\u00f3rych kocham, i dla ka\u017cdego, kto w chaosie \u015bwiata zgubi\u0142 siebie, cz\u0142owieka i nadziej\u0119.<br>To opowie\u015b\u0107, kt\u00f3ra nie ko\u0144czy si\u0119 na ostatniej stronie. Ona trwa dalej, w Tobie \u2013 w uczuciu, kt\u00f3re poruszy\u0142a, w my\u015bli, kt\u00f3ra pozostanie na d\u0142u\u017cej. Celem i marzeniem jest, by moje s\u0142owa wywo\u0142a\u0142y zmiany, otworzy\u0142y serca i da\u0142y nadziej\u0119, \u017ce s\u0142owo mo\u017ce sta\u0107 si\u0119 mostem do lepszego \u015bwiata.<br>Dzi\u0119ki Tobie ta ksi\u0105\u017cka mo\u017ce \u017cy\u0107 dalej, mo\u017ce dotrze\u0107 do tych, kt\u00f3rzy s\u0105 gotowi podj\u0105\u0107 zmian\u0119. Wierz\u0119, \u017ce moje s\u0142owa obudz\u0105 inne g\u0142osy serc, by sta\u0142y si\u0119 fundamentem jutra \u2013 dla nas, dla naszych dzieci i tych, kt\u00f3rzy dzi\u015b czuj\u0105 si\u0119 zagubieni. Twoje s\u0142owo to dla mnie nadzieja, \u017ce cisza, w kt\u00f3rej powsta\u0142a ta ksi\u0105\u017cka, mo\u017ce sta\u0107 si\u0119 si\u0142\u0105 &#8211; nadzieja na lepszy \u015bwiat\u2026<\/p>\n\n\n\n<p>Podziel si\u0119 prosz\u0119 swoimi wra\u017ceniami.<br>Je\u015bli chcesz zachowa\u0107 anonimowo\u015b\u0107, mo\u017cesz zostawi\u0107 swoj\u0105 opini\u0119 w formie anonimowego komentarza lub recenzji. Wype\u0142nij formularz poni\u017cej.<\/p>\n\n\n<div class=\"wpforms-container wpforms-block wpforms-block-2b621cb7-059e-4d57-b3a2-0e791d2ff99c\" id=\"wpforms-2227\"><form id=\"wpforms-form-2227\" class=\"wpforms-validate wpforms-form wpforms-ajax-form\" data-formid=\"2227\" method=\"post\" enctype=\"multipart\/form-data\" action=\"\/ksiazka\/wp-json\/wp\/v2\/pages\/2230\" data-token=\"c4ad8d90efdd1c1fa76e064487f5851e\" data-token-time=\"1776297069\"><noscript class=\"wpforms-error-noscript\">Please enable JavaScript in your browser to complete this form.<\/noscript><div class=\"wpforms-field-container\"><div id=\"wpforms-2227-field_1-container\" class=\"wpforms-field wpforms-field-name\" data-field-id=\"1\"><label class=\"wpforms-field-label\" for=\"wpforms-2227-field_1\">Imi\u0119 <span class=\"wpforms-required-label\">*<\/span><\/label><input type=\"text\" id=\"wpforms-2227-field_1\" class=\"wpforms-field-medium wpforms-field-required\" name=\"wpforms[fields][1]\" required><\/div><div id=\"wpforms-2227-field_2-container\" class=\"wpforms-field wpforms-field-email\" data-field-id=\"2\"><label class=\"wpforms-field-label\" for=\"wpforms-2227-field_2\">Email <span class=\"wpforms-required-label\">*<\/span><\/label><input type=\"email\" id=\"wpforms-2227-field_2\" class=\"wpforms-field-medium wpforms-field-required\" name=\"wpforms[fields][2]\" spellcheck=\"false\" required><\/div><div id=\"wpforms-2227-field_3-container\" class=\"wpforms-field wpforms-field-textarea\" data-field-id=\"3\"><label class=\"wpforms-field-label\" for=\"wpforms-2227-field_3\">Media spo\u0142eczno\u015bciowe:<\/label><textarea id=\"wpforms-2227-field_3\" class=\"wpforms-field-medium\" name=\"wpforms[fields][3]\" ><\/textarea><div class=\"wpforms-field-description\">Wpisz swoje konto na Instagramie\/Facebooku, je\u015bli chcesz, aby\u015bmy oznaczyli Ci\u0119 w podzi\u0119kowaniach<\/div><\/div><div id=\"wpforms-2227-field_4-container\" class=\"wpforms-field wpforms-field-textarea\" data-field-id=\"4\"><label class=\"wpforms-field-label\" for=\"wpforms-2227-field_4\">Twoja opinia<\/label><textarea id=\"wpforms-2227-field_4\" class=\"wpforms-field-medium\" name=\"wpforms[fields][4]\" ><\/textarea><div class=\"wpforms-field-description\">Wype\u0142nij pole, by doda\u0107 swoj\u0105 opini\u0119. Je\u015bli chcesz pozosta\u0107 anonimowy, mo\u017cesz pomin\u0105\u0107 imi\u0119 i nazwisko oraz pole medi\u00f3w spo\u0142eczno\u015bciowych i email.<\/div><\/div><\/div><!-- .wpforms-field-container --><div class=\"wpforms-submit-container\" ><input type=\"hidden\" name=\"wpforms[id]\" value=\"2227\"><input type=\"hidden\" name=\"page_title\" value=\"\"><input type=\"hidden\" name=\"page_url\" value=\"https:\/\/poczujto.com\/ksiazka\/wp-json\/wp\/v2\/pages\/2230\"><input type=\"hidden\" name=\"url_referer\" value=\"\"><button type=\"submit\" name=\"wpforms[submit]\" id=\"wpforms-submit-2227\" class=\"wpforms-submit\" data-alt-text=\"Wysy\u0142a...\" data-submit-text=\"Wy\u015blij\" aria-live=\"assertive\" value=\"wpforms-submit\">Wy\u015blij<\/button><img loading=\"lazy\" decoding=\"async\" src=\"https:\/\/poczujto.com\/ksiazka\/wp-content\/plugins\/wpforms-lite\/assets\/images\/submit-spin.svg\" class=\"wpforms-submit-spinner\" style=\"display: none;\" width=\"26\" height=\"26\" alt=\"Loading\"><\/div><\/form><\/div>  <!-- .wpforms-container -->","protected":false},"excerpt":{"rendered":"<p>Ta ksi\u0105\u017cka to najczulsza i najszczersza cz\u0105stka mnie \u2013 moje my\u015bli, marzenia i historia duszy. Powsta\u0142a, by zostawi\u0107 co\u015b wi\u0119cej ni\u017c \u015blady na ziemi \u2013 co\u015b, co przetrwa, co\u015b, co b\u0119dzie \u017cy\u0107 w tych, kt\u00f3rzy si\u0119gn\u0105 po moje s\u0142owa. Dla tych, kt\u00f3rych kocham, i dla ka\u017cdego, kto w chaosie \u015bwiata zgubi\u0142 siebie, cz\u0142owieka i nadziej\u0119.To [&hellip;]<\/p>\n","protected":false},"author":1,"featured_media":0,"parent":0,"menu_order":0,"comment_status":"closed","ping_status":"closed","template":"","meta":{"_uag_custom_page_level_css":"","site-sidebar-layout":"default","site-content-layout":"","ast-site-content-layout":"default","site-content-style":"default","site-sidebar-style":"default","ast-global-header-display":"","ast-banner-title-visibility":"","ast-main-header-display":"","ast-hfb-above-header-display":"","ast-hfb-below-header-display":"","ast-hfb-mobile-header-display":"","site-post-title":"","ast-breadcrumbs-content":"","ast-featured-img":"","footer-sml-layout":"","theme-transparent-header-meta":"","adv-header-id-meta":"","stick-header-meta":"","header-above-stick-meta":"","header-main-stick-meta":"","header-below-stick-meta":"","astra-migrate-meta-layouts":"set","ast-page-background-enabled":"default","ast-page-background-meta":{"desktop":{"background-color":"","background-image":"","background-repeat":"repeat","background-position":"center center","background-size":"auto","background-attachment":"scroll","background-type":"","background-media":"","overlay-type":"","overlay-color":"","overlay-opacity":"","overlay-gradient":""},"tablet":{"background-color":"","background-image":"","background-repeat":"repeat","background-position":"center center","background-size":"auto","background-attachment":"scroll","background-type":"","background-media":"","overlay-type":"","overlay-color":"","overlay-opacity":"","overlay-gradient":""},"mobile":{"background-color":"","background-image":"","background-repeat":"repeat","background-position":"center center","background-size":"auto","background-attachment":"scroll","background-type":"","background-media":"","overlay-type":"","overlay-color":"","overlay-opacity":"","overlay-gradient":""}},"ast-content-background-meta":{"desktop":{"background-color":"var(--ast-global-color-5)","background-image":"","background-repeat":"repeat","background-position":"center center","background-size":"auto","background-attachment":"scroll","background-type":"","background-media":"","overlay-type":"","overlay-color":"","overlay-opacity":"","overlay-gradient":""},"tablet":{"background-color":"var(--ast-global-color-5)","background-image":"","background-repeat":"repeat","background-position":"center center","background-size":"auto","background-attachment":"scroll","background-type":"","background-media":"","overlay-type":"","overlay-color":"","overlay-opacity":"","overlay-gradient":""},"mobile":{"background-color":"var(--ast-global-color-5)","background-image":"","background-repeat":"repeat","background-position":"center center","background-size":"auto","background-attachment":"scroll","background-type":"","background-media":"","overlay-type":"","overlay-color":"","overlay-opacity":"","overlay-gradient":""}},"footnotes":""},"class_list":["post-2230","page","type-page","status-publish","hentry"],"uagb_featured_image_src":{"full":false,"thumbnail":false,"medium":false,"medium_large":false,"large":false,"1536x1536":false,"2048x2048":false},"uagb_author_info":{"display_name":"adminPoczuj","author_link":"https:\/\/poczujto.com\/ksiazka\/author\/adminpoczuj\/"},"uagb_comment_info":0,"uagb_excerpt":"Ta ksi\u0105\u017cka to najczulsza i najszczersza cz\u0105stka mnie \u2013 moje my\u015bli, marzenia i historia duszy. Powsta\u0142a, by zostawi\u0107 co\u015b wi\u0119cej ni\u017c \u015blady na ziemi \u2013 co\u015b, co przetrwa, co\u015b, co b\u0119dzie \u017cy\u0107 w tych, kt\u00f3rzy si\u0119gn\u0105 po moje s\u0142owa. Dla tych, kt\u00f3rych kocham, i dla ka\u017cdego, kto w chaosie \u015bwiata zgubi\u0142 siebie, cz\u0142owieka i nadziej\u0119.To&hellip;","_links":{"self":[{"href":"https:\/\/poczujto.com\/ksiazka\/wp-json\/wp\/v2\/pages\/2230","targetHints":{"allow":["GET"]}}],"collection":[{"href":"https:\/\/poczujto.com\/ksiazka\/wp-json\/wp\/v2\/pages"}],"about":[{"href":"https:\/\/poczujto.com\/ksiazka\/wp-json\/wp\/v2\/types\/page"}],"author":[{"embeddable":true,"href":"https:\/\/poczujto.com\/ksiazka\/wp-json\/wp\/v2\/users\/1"}],"replies":[{"embeddable":true,"href":"https:\/\/poczujto.com\/ksiazka\/wp-json\/wp\/v2\/comments?post=2230"}],"version-history":[{"count":3,"href":"https:\/\/poczujto.com\/ksiazka\/wp-json\/wp\/v2\/pages\/2230\/revisions"}],"predecessor-version":[{"id":2249,"href":"https:\/\/poczujto.com\/ksiazka\/wp-json\/wp\/v2\/pages\/2230\/revisions\/2249"}],"wp:attachment":[{"href":"https:\/\/poczujto.com\/ksiazka\/wp-json\/wp\/v2\/media?parent=2230"}],"curies":[{"name":"wp","href":"https:\/\/api.w.org\/{rel}","templated":true}]}}